{"id":70,"date":"2015-12-15T08:25:54","date_gmt":"2015-12-15T08:25:54","guid":{"rendered":"http:\/\/catherinefeff-studio.com\/?page_id=70"},"modified":"2019-09-09T15:59:15","modified_gmt":"2019-09-09T15:59:15","slug":"a-propos","status":"publish","type":"page","link":"https:\/\/catherinefeff-studio.com\/index.php\/a-propos\/","title":{"rendered":"Parcours"},"content":{"rendered":"<p style=\"text-align: center;\"><u><strong>CATHERINE FEFF<\/u><\/strong><br \/>\nArtiste peintre.<\/p>\n<p>Catherine Feff, est n\u00e9e le 5 mars 1954 \u00e0 Paris 13<sup>\u00e8me<\/sup> et a fond\u00e9 en 1986 une entreprise sp\u00e9cialis\u00e9e dans la communication artistique en grandes dimensions.<br \/>\nElle a pr\u00e9alablement \u00e9tudi\u00e9 \u00e0 l\u2019Ecole Nationale Sup\u00e9rieure des Arts D\u00e9coratifs de Paris, puis au Centre de Formation des Journalistes, rue du Louvre \u00e0 Paris pour exercer en suivant la fonction de r\u00e9dactrice styliste au magazine Okapi<br \/>\n(bimensuel pour les 10, 12 ans) \u00e0 Bayard Presse de 1978 \u00e0 1985.<br \/>\nFille d\u2019un artisan peintre et mari\u00e9e \u00e0 un entrepreneur, elle a tr\u00e8s vite conjugu\u00e9 sa passion pour l\u2019art avec son go\u00fbt d\u2019entreprendre tout en m\u00e9nageant sa vie de famille car Catherine est m\u00e8re de trois enfants\u00a0: Maximilien, Suzanne et Rapha\u00ebl.<\/p>\n<p style=\"text-align: center;\"><u><strong>DOMAINES D\u2019ACTIVIT\u00c9<\/strong><\/u><\/p>\n<p><u><strong>LES TOILES \u00c9V\u00c9NEMENTIELLES:<\/strong><\/u><\/p>\n<p>Pionni\u00e8re dans ce domaine, Catherine Feff a \u00e9t\u00e9 la premi\u00e8re \u00e0 concevoir et r\u00e9aliser des b\u00e2ches peintes figuratives \u00e0 Paris.<br \/>\nL\u2019id\u00e9e consistant \u00e0 s\u2019appuyer sur les structures d\u2019\u00e9chafaudage dress\u00e9es dans le cadre de travaux et d\u2019utiliser des b\u00e2ches ordinaires de chantier pour peindre des d\u00e9cors.<br \/>\nEn juin 1986, elle accrocha, avec son \u00e9quipe, un d\u00e9cor peint compos\u00e9 d\u2019une centaine de toiles de 18 m2 chacune.<br \/>\n\u00ab\u00a0Coup de th\u00e9\u00e2tre\u00a0\u00bb, cette b\u00e2che artistique repr\u00e9sentait une femme d\u00e9voilant son visage derri\u00e8re un loup.<br \/>\nEn tout, 1 800 m2 de toiles furent accroch\u00e9es sur les trois c\u00f4t\u00e9s de l\u2019immeuble Mazda situ\u00e9 au 29 rue de Lisbonne, Paris 8\u00e8me.<br \/>\nCe fut un v\u00e9ritable engouement populaire.<br \/>\nLes premi\u00e8res b\u00e2ches peintes artistiques furent aussit\u00f4t pl\u00e9biscit\u00e9es par l\u2019ensemble du public.<br \/>\nDe nombreuses cr\u00e9ations et r\u00e9alisations en grands formats ont ensuite \u00e9t\u00e9 r\u00e9alis\u00e9es par Catherine Feff et son \u00e9quipe, en France, en Europe, aux Etats-Unis et en Extr\u00eame Orient.<br \/>\nLe plus grand d\u00e9cor a \u00e9t\u00e9 r\u00e9alis\u00e9 \u00e0 Berlin pour la reconstitution, taille r\u00e9elle du Berliner Stadt Schloss, ancienne r\u00e9sidence des Hohenzollen jusqu&rsquo;\u00e0 la chute de l&rsquo;<a href=\"https:\/\/fr.wikipedia.org\/wiki\/Empire_allemand\">Empire allemand<\/a> \u00e0 la fin de la premi\u00e8re guerre mondiale.<br \/>\nPour la r\u00e9alisation de ce d\u00e9cor de 10 000 m2, Catherine feff a re\u00e7u en 1993,<br \/>\nun dipl\u00f4me du livre Guinness des Records pour le plus grand trompe-l\u2019\u0153il r\u00e9alis\u00e9 sur toile.<br \/>\nCatherine Feff et son atelier ont peint ses toiles g\u00e9antes jusqu\u2019aux ann\u00e9es 2 000.<br \/>\nLes toiles ont \u00e9t\u00e9 ensuite imprim\u00e9es \u00e0 partir de fichiers num\u00e9riques.<br \/>\nAu fil des ann\u00e9es les \u00e9chafaudages sont devenus des supports de communication pour des toiles \u00e9v\u00e9nementielles et publicitaires.<br \/>\nLes annonceurs accompagnent les villes et l\u2019\u00e9tat pour recueillir des fonds destin\u00e9s aux travaux de restauration des monuments.<br \/>\nCatherine Feff a su s\u2019adapter \u00e0 cette nouvelle d\u00e9marche en partenariat avec Liot\u00e9 une r\u00e9gie publicitaire sp\u00e9cialis\u00e9e dans ce domaine.<\/p>\n<p><u><strong>LES MURS PEINTS:<\/strong><\/u><\/p>\n<p>En passant du m\u00e9tier d\u2019illustratrice de presse \u00e0 celui de muraliste,<br \/>\nCatherine Feff a souhait\u00e9 contribuer \u00e0 l\u2019am\u00e9lioration de certaines zones d\u00e9laiss\u00e9es de l\u2019espace urbain par la cr\u00e9ation et la r\u00e9alisation de murs peints en grandes dimensions.<br \/>\nC\u2019est une des artistes peintres les plus reconnues dans le domaine du trompe-l\u2019\u0153il et des murs peints, avec plus d\u2019une centaine de r\u00e9f\u00e9rences \u00e0 son actif.<br \/>\nSes peintures sont discr\u00e8tes, surprenantes et souvent teint\u00e9es d\u2019humour.<br \/>\nElles s\u2019int\u00e8grent avec un mim\u00e9tisme harmonieux dans le paysage urbain.<br \/>\nLes murs peints r\u00e9alis\u00e9s par Catherine Feff et son \u00e9quipe restent visibles dans des espaces publics \u00e0 Paris, en r\u00e9gion parisienne, en province et \u00e0 l\u2019\u00e9tranger.<br \/>\nC\u2019est pourquoi on qualifie parfois Catherine Feff \u00ab\u00a0d\u2019artiste populaire\u00a0\u00bb.<\/p>\n<p><u><strong>D\u00c9CORS D\u2019INT\u00c9RIEUR:<\/strong><\/u><\/p>\n<p>Fascin\u00e9e par le monde du trompe-l\u2019\u0153il, technique picturale qui \u00e9tait tomb\u00e9e dans l\u2019oubli, Catherine Feff s\u2019est, d\u00e8s les ann\u00e9es 1980, passionn\u00e9e pour le faux bois,<br \/>\nle faux marbre, les effets de mati\u00e8re, la perspective, les ombres et les lumi\u00e8res,<br \/>\nles d\u00e9cors figuratifs.<br \/>\nElle a toujours r\u00e9alis\u00e9 des fresques pour les particuliers, les entreprises, les h\u00f4tels et les restaurants.<br \/>\nAujourd\u2019hui, certains \u00e9tablissements les plus prestigieux comme les plus populaires, ont conserv\u00e9 en leur sein des oeuvres sign\u00e9es par Catherine Feff et son atelier.<\/p>\n<p><u><strong>PEINTURES DE CHEVALET\u00a0:<\/strong><\/u><\/p>\n<p>Parall\u00e8lement \u00e0 son activit\u00e9 d\u2019entreprise, Catherine Feff peint des toiles de chevalet figuratives pour la plupart.<br \/>\nPlusieurs collections ont vu le jour, sur des th\u00e8mes vari\u00e9s comme l\u2019architecture en trompe-l\u2019oeil, la nature, les fleurs, les portraits et les ombres port\u00e9es.<\/p>\n<p><u><strong>LES PAPIERS PEINTS MYFRESKO\u00a0:<\/strong><\/u><\/p>\n<p>Avec sa fille Suzanne, Catherine FEFF a cr\u00e9\u00e9 une entreprise sp\u00e9cialis\u00e9e dans la cr\u00e9ation, l\u2019\u00e9dition et la vente de papiers peints.<br \/>\nIls se pr\u00e9sentent sous la forme de panoramiques compos\u00e9s de 8 l\u00e9s \u00e0 coller les uns \u00e0 c\u00f4t\u00e9 des autres.<br \/>\nLe support peut \u00eatre un adh\u00e9sif mat ou un textile pr\u00e9 encoll\u00e9, tr\u00e8s faciles \u00e0 poser.<br \/>\nRetrouvez MYFRESKO sur notre boutique en ligne\u00a0: WWW.MYFRESKO.COM<\/p>\n<p><u><strong>DISTINCTIONS\u00a0:<\/strong><\/u><\/p>\n<p><strong>Chevalier de l\u2019Ordre des Arts et des Lettres<\/strong>, 5 d\u00e9cembre 1990.<br \/>\n<strong>Chevalier de l\u2019Ordre National du M\u00e9rite<\/strong>, 16 novembre 1992.<br \/>\n<strong>Iss\u00e9en d\u2019or<\/strong>, en 1991.<br \/>\n<strong>Troph\u00e9e de la Cr\u00e9ation d\u2019Entreprise<\/strong>, A.N.C.E. en 1991.<br \/>\n<strong>Le livre Guinness des Records<\/strong>,\u00a0certificat d\u00e9cern\u00e9 pour le plus grand trompe-l\u2019\u0153il<br \/>\n10 000 m2 repr\u00e9sentant le ch\u00e2teau de Berlin en 1993.<br \/>\n<strong>Who\u2019s Who in France<\/strong>, depuis 1994.<br \/>\n<strong>Troph\u00e9e des Femmes 3000<\/strong>, en l\u2019an 2000.<br \/>\n<strong>Best site hoarding award 1992 highly commended<\/strong>, en 2001 pour les nouvelles perspectives des Champs Elys\u00e9es \u00e0 Paris.<\/p>\n<p><u><strong>PUBLICATIONS\u00a0:<\/strong><\/u><\/p>\n<p><strong>Arc de Triomphe<\/strong><br \/>\nPhotos des travaux de restauration<br \/>\nCatherine Feff et Marcel Cynamon Syros Alternatives 1988<\/p>\n<p><strong>Catherine feff &#8211; Peinture Monumentale <\/strong>Val\u00e9rie Rousseau-Lagarde \u2013 Jean Esselinck Syros Alternative 1991<\/p>\n<p><strong>Bab Mansour \u2013 Paris <\/strong>Bouchta Bouasria \u2013 Photos Khalil Nemmaoui Eddif Horizon Groupe 1999<\/p>\n<p>&nbsp;<\/p>\n<p style=\"text-align: justify;\"><strong><img loading=\"lazy\" class=\"wp-image-166 alignleft\" src=\"http:\/\/catherinefeff-studio.com\/wp-content\/uploads\/2015\/12\/Catherine-Feff-fv015-127NB-277x300.jpg\" alt=\"Catherine Feff fv015 (127)NB\" width=\"149\" height=\"161\" srcset=\"https:\/\/catherinefeff-studio.com\/wp-content\/uploads\/2015\/12\/Catherine-Feff-fv015-127NB-277x300.jpg 277w, https:\/\/catherinefeff-studio.com\/wp-content\/uploads\/2015\/12\/Catherine-Feff-fv015-127NB-768x833.jpg 768w, https:\/\/catherinefeff-studio.com\/wp-content\/uploads\/2015\/12\/Catherine-Feff-fv015-127NB-945x1024.jpg 945w\" sizes=\"(max-width: 149px) 100vw, 149px\" \/><\/strong><\/p>\n<p style=\"text-align: justify;\">\n","protected":false},"excerpt":{"rendered":"<p>CATHERINE FEFF Artiste peintre. Catherine Feff, est n\u00e9e le 5 mars 1954 \u00e0 Paris 13\u00e8me et a fond\u00e9 en 1986 une entreprise sp\u00e9cialis\u00e9e dans la communication artistique en grandes dimensions. Elle a pr\u00e9alablement \u00e9tudi\u00e9 \u00e0 l\u2019Ecole Nationale Sup\u00e9rieure des Arts D\u00e9coratifs de Paris, puis au Centre de Formation des Journalistes, rue du Louvre \u00e0 Paris &hellip; <a href=\"https:\/\/catherinefeff-studio.com\/index.php\/a-propos\/\" class=\"readmore\">Continue reading <span class=\"screen-reader-text\">Parcours<\/span> &rarr;<\/a><\/p>\n","protected":false},"author":1,"featured_media":0,"parent":0,"menu_order":0,"comment_status":"closed","ping_status":"closed","template":"template-fullwidth.php","meta":[],"_links":{"self":[{"href":"https:\/\/catherinefeff-studio.com\/index.php\/wp-json\/wp\/v2\/pages\/70"}],"collection":[{"href":"https:\/\/catherinefeff-studio.com\/index.php\/wp-json\/wp\/v2\/pages"}],"about":[{"href":"https:\/\/catherinefeff-studio.com\/index.php\/wp-json\/wp\/v2\/types\/page"}],"author":[{"embeddable":true,"href":"https:\/\/catherinefeff-studio.com\/index.php\/wp-json\/wp\/v2\/users\/1"}],"replies":[{"embeddable":true,"href":"https:\/\/catherinefeff-studio.com\/index.php\/wp-json\/wp\/v2\/comments?post=70"}],"version-history":[{"count":38,"href":"https:\/\/catherinefeff-studio.com\/index.php\/wp-json\/wp\/v2\/pages\/70\/revisions"}],"predecessor-version":[{"id":781,"href":"https:\/\/catherinefeff-studio.com\/index.php\/wp-json\/wp\/v2\/pages\/70\/revisions\/781"}],"wp:attachment":[{"href":"https:\/\/catherinefeff-studio.com\/index.php\/wp-json\/wp\/v2\/media?parent=70"}],"curies":[{"name":"wp","href":"https:\/\/api.w.org\/{rel}","templated":true}]}}