{"id":988,"date":"2020-11-06T12:51:42","date_gmt":"2020-11-06T12:51:42","guid":{"rendered":"http:\/\/catherinefeff-studio.com\/?page_id=988"},"modified":"2021-03-11T10:00:53","modified_gmt":"2021-03-11T10:00:53","slug":"catherine-feff-la-saga","status":"publish","type":"page","link":"https:\/\/catherinefeff-studio.com\/index.php\/catherine-feff-la-saga\/","title":{"rendered":"CATHERINE FEFF, LA SAGA !"},"content":{"rendered":"<h2><a href=\"http:\/\/catherinefeff-studio.com\/index.php\/catherine-feff-la-saga\/banniere-livre-la-saga\/\" rel=\"attachment wp-att-1089\"><img loading=\"lazy\" class=\"alignnone size-full wp-image-1089\" src=\"http:\/\/catherinefeff-studio.com\/wp-content\/uploads\/2021\/03\/Bannie\u0300re-Livre-la-Saga.png\" alt=\"\" width=\"2000\" height=\"800\" srcset=\"https:\/\/catherinefeff-studio.com\/wp-content\/uploads\/2021\/03\/Bannie\u0300re-Livre-la-Saga.png 2000w, https:\/\/catherinefeff-studio.com\/wp-content\/uploads\/2021\/03\/Bannie\u0300re-Livre-la-Saga-300x120.png 300w, https:\/\/catherinefeff-studio.com\/wp-content\/uploads\/2021\/03\/Bannie\u0300re-Livre-la-Saga-1024x410.png 1024w, https:\/\/catherinefeff-studio.com\/wp-content\/uploads\/2021\/03\/Bannie\u0300re-Livre-la-Saga-768x307.png 768w, https:\/\/catherinefeff-studio.com\/wp-content\/uploads\/2021\/03\/Bannie\u0300re-Livre-la-Saga-1536x614.png 1536w\" sizes=\"(max-width: 2000px) 100vw, 2000px\" \/><\/a><\/h2>\n<h2 class=\"p1\"><span class=\"s1\"><b>CATHERINE FEFF<\/b><\/span><\/h2>\n<h2 class=\"p1\"><span class=\"s1\"><b>LA SAGA\u00a0!<\/b><\/span><\/h2>\n<h2 class=\"p3\"><span class=\"s1\"><b>COMMANDES OUVERTES\u00a0<\/b><\/span><\/h2>\n<h3 class=\"p4\"><span class=\"s1\">300 pages photos qui retracent 30 ans de cr\u00e9ations et r\u00e9alisations artistiques,<\/span><\/h3>\n<ul>\n<li class=\"p6\">\n<h3><span class=\"s1\">Toiles \u00e9v\u00e9nementielles<\/span><\/h3>\n<\/li>\n<li class=\"p6\">\n<h3>Murs peints<\/h3>\n<\/li>\n<li class=\"p6\">\n<h3>D\u00e9cors d\u2019int\u00e9rieur<\/h3>\n<\/li>\n<li class=\"p6\">\n<h3>Toiles de chevalet<\/h3>\n<\/li>\n<\/ul>\n<h3 class=\"p6\"><span class=\"s1\">avec textes, t\u00e9moignages et entretiens.<\/span><\/h3>\n<h3 class=\"p6\"><span class=\"s3\">24,90\u20ac TTC<\/span><\/h3>\n<h3 class=\"p6\"><span class=\"s1\">Frais d\u2019exp\u00e9dition offerts. <\/span><\/h3>\n<h3 class=\"p6\"><span class=\"s1\">Pour commander, compl\u00e9tez le formulaire ci-dessous :<\/span><\/h3>\n<div id=\"simpay-stripe_checkout-form-wrap-998\" data-id=\"simpay-form-998-wrap\" class=\"simpay-form-wrap simpay-stripe_checkout-form-wrap\"><form action=\"\" method=\"post\" class=\"simpay-checkout-form simpay-form-998 simpay-styled\" id=\"simpay-form-998\" data-simpay-form-id=\"998\" ><div class=\"simpay-form-control\"><button id=\"\" class=\"simpay-btn simpay-payment-btn simpay-disabled stripe-button-el\" disabled><span>Payer par carte<\/span><\/button><\/div><input type=\"hidden\" name=\"simpay_form_id\" value=\"998\" \/><input type=\"hidden\" name=\"simpay_amount\" value=\"\" class=\"simpay-amount\" \/><div class=\"simpay-errors\" id=\"simpay-form-998-error\" aria-live=\"assertive\" aria-relevant=\"additions text\" aria-atomic=\"true\"><\/div><input type=\"hidden\" id=\"_wpnonce\" name=\"_wpnonce\" value=\"f917bc810d\" \/><input type=\"hidden\" name=\"_wp_http_referer\" value=\"\/index.php\/wp-json\/wp\/v2\/pages\/988\" \/><\/form><\/div>\n<p>&nbsp;<\/p>\n<h3 class=\"p6\"><span class=\"s1\">Pour commander le E-BOOK \u00e0 4,90\u20ac, compl\u00e9tez le formulaire ci-dessous :<\/span><\/h3>\n<h3 class=\"p6\"><div id=\"simpay-stripe_checkout-form-wrap-1068\" data-id=\"simpay-form-1068-wrap\" class=\"simpay-form-wrap simpay-stripe_checkout-form-wrap\"><form action=\"\" method=\"post\" class=\"simpay-checkout-form simpay-form-1068 simpay-styled\" id=\"simpay-form-1068\" data-simpay-form-id=\"1068\" ><div class=\"simpay-form-control\"><button id=\"\" class=\"simpay-btn simpay-payment-btn simpay-disabled stripe-button-el\" disabled><span>Payer par carte<\/span><\/button><\/div><input type=\"hidden\" name=\"simpay_form_id\" value=\"1068\" \/><input type=\"hidden\" name=\"simpay_amount\" value=\"\" class=\"simpay-amount\" \/><div class=\"simpay-errors\" id=\"simpay-form-1068-error\" aria-live=\"assertive\" aria-relevant=\"additions text\" aria-atomic=\"true\"><\/div><input type=\"hidden\" id=\"_wpnonce\" name=\"_wpnonce\" value=\"f917bc810d\" \/><input type=\"hidden\" name=\"_wp_http_referer\" value=\"\/index.php\/wp-json\/wp\/v2\/pages\/988\" \/><\/form><\/div><\/h3>\n","protected":false},"excerpt":{"rendered":"<p>CATHERINE FEFF LA SAGA\u00a0! COMMANDES OUVERTES\u00a0 300 pages photos qui retracent 30 ans de cr\u00e9ations et r\u00e9alisations artistiques, Toiles \u00e9v\u00e9nementielles Murs peints D\u00e9cors d\u2019int\u00e9rieur Toiles de chevalet avec textes, t\u00e9moignages et entretiens. 24,90\u20ac TTC Frais d\u2019exp\u00e9dition offerts. Pour commander, compl\u00e9tez le formulaire ci-dessous : &nbsp; Pour commander le E-BOOK \u00e0 4,90\u20ac, compl\u00e9tez le formulaire ci-dessous &hellip; <a href=\"https:\/\/catherinefeff-studio.com\/index.php\/catherine-feff-la-saga\/\" class=\"readmore\">Continue reading <span class=\"screen-reader-text\">CATHERINE FEFF, LA SAGA !<\/span> &rarr;<\/a><\/p>\n","protected":false},"author":1,"featured_media":0,"parent":0,"menu_order":0,"comment_status":"closed","ping_status":"closed","template":"template-fullwidth.php","meta":[],"_links":{"self":[{"href":"https:\/\/catherinefeff-studio.com\/index.php\/wp-json\/wp\/v2\/pages\/988"}],"collection":[{"href":"https:\/\/catherinefeff-studio.com\/index.php\/wp-json\/wp\/v2\/pages"}],"about":[{"href":"https:\/\/catherinefeff-studio.com\/index.php\/wp-json\/wp\/v2\/types\/page"}],"author":[{"embeddable":true,"href":"https:\/\/catherinefeff-studio.com\/index.php\/wp-json\/wp\/v2\/users\/1"}],"replies":[{"embeddable":true,"href":"https:\/\/catherinefeff-studio.com\/index.php\/wp-json\/wp\/v2\/comments?post=988"}],"version-history":[{"count":37,"href":"https:\/\/catherinefeff-studio.com\/index.php\/wp-json\/wp\/v2\/pages\/988\/revisions"}],"predecessor-version":[{"id":1090,"href":"https:\/\/catherinefeff-studio.com\/index.php\/wp-json\/wp\/v2\/pages\/988\/revisions\/1090"}],"wp:attachment":[{"href":"https:\/\/catherinefeff-studio.com\/index.php\/wp-json\/wp\/v2\/media?parent=988"}],"curies":[{"name":"wp","href":"https:\/\/api.w.org\/{rel}","templated":true}]}}